{"id":307,"date":"2025-11-15T11:41:40","date_gmt":"2025-11-15T11:41:40","guid":{"rendered":"https:\/\/gh-kontor.no\/?post_type=product&#038;p=307"},"modified":"2025-11-15T15:03:19","modified_gmt":"2025-11-15T15:03:19","slug":"super-grip","status":"publish","type":"product","link":"https:\/\/gh-kontor.no\/?product=super-grip","title":{"rendered":"Super Grip"},"content":{"rendered":"","protected":false},"excerpt":{"rendered":"<p data-start=\"105\" data-end=\"430\"><strong data-start=\"105\" data-end=\"153\">Supergrip \u2013 v\u00e5r bestselger blant reklamepenner<\/strong><br data-start=\"153\" data-end=\"156\" \/>Stilig og tidl\u00f8st design m\u00f8ter maksimal skrivekomfort. Supergrip har gel-blekk som glir silkemykt og et mykt gummigrep som gir perfekt kontroll. Finnes i elegant s\u00f8lv, ren hvit og klassisk sort \u2013 den perfekte reklamepennen som b\u00e5de ser bra ut og f\u00f8les fantastisk i h\u00e5nden.<\/p>\n","protected":false},"featured_media":306,"comment_status":"open","ping_status":"closed","template":"","meta":[],"product_brand":[],"product_cat":[24,23],"product_tag":[],"class_list":{"0":"post-307","1":"product","2":"type-product","3":"status-publish","4":"has-post-thumbnail","6":"product_cat-reklamepenner","7":"product_cat-stroartikler","9":"first","10":"instock","11":"shipping-taxable","12":"product-type-simple"},"_links":{"self":[{"href":"https:\/\/gh-kontor.no\/index.php?rest_route=\/wp\/v2\/product\/307","targetHints":{"allow":["GET"]}}],"collection":[{"href":"https:\/\/gh-kontor.no\/index.php?rest_route=\/wp\/v2\/product"}],"about":[{"href":"https:\/\/gh-kontor.no\/index.php?rest_route=\/wp\/v2\/types\/product"}],"replies":[{"embeddable":true,"href":"https:\/\/gh-kontor.no\/index.php?rest_route=%2Fwp%2Fv2%2Fcomments&post=307"}],"wp:featuredmedia":[{"embeddable":true,"href":"https:\/\/gh-kontor.no\/index.php?rest_route=\/wp\/v2\/media\/306"}],"wp:attachment":[{"href":"https:\/\/gh-kontor.no\/index.php?rest_route=%2Fwp%2Fv2%2Fmedia&parent=307"}],"wp:term":[{"taxonomy":"product_brand","embeddable":true,"href":"https:\/\/gh-kontor.no\/index.php?rest_route=%2Fwp%2Fv2%2Fproduct_brand&post=307"},{"taxonomy":"product_cat","embeddable":true,"href":"https:\/\/gh-kontor.no\/index.php?rest_route=%2Fwp%2Fv2%2Fproduct_cat&post=307"},{"taxonomy":"product_tag","embeddable":true,"href":"https:\/\/gh-kontor.no\/index.php?rest_route=%2Fwp%2Fv2%2Fproduct_tag&post=307"}],"curies":[{"name":"wp","href":"https:\/\/api.w.org\/{rel}","templated":true}]}}