{"id":303,"date":"2025-11-15T10:12:21","date_gmt":"2025-11-15T10:12:21","guid":{"rendered":"https:\/\/gh-kontor.no\/?post_type=product&#038;p=303"},"modified":"2025-11-15T10:44:51","modified_gmt":"2025-11-15T10:44:51","slug":"scriptura-slim-stylus","status":"publish","type":"product","link":"https:\/\/gh-kontor.no\/?product=scriptura-slim-stylus","title":{"rendered":"Scriptura Stylus Slim"},"content":{"rendered":"","protected":false},"excerpt":{"rendered":"<h2 data-start=\"55\" data-end=\"104\"><strong data-start=\"58\" data-end=\"102\">Elegant styluspenn \u2013 stil m\u00f8ter funksjon<\/strong><\/h2>\n<p data-start=\"106\" data-end=\"298\">Oppgrader skrive- og touchopplevelsen med v\u00e5r tynne, stilrene styluspenn. Perfekt for b\u00e5de notater og bruk p\u00e5 nettbrett eller telefon \u2013 en penn som kombinerer eleganse med praktisk funksjon.<\/p>\n<h3 data-start=\"300\" data-end=\"328\"><strong data-start=\"304\" data-end=\"326\">Tre tidl\u00f8se farger<\/strong><\/h3>\n<ul data-start=\"329\" data-end=\"355\">\n<li data-start=\"329\" data-end=\"337\">\n<p data-start=\"331\" data-end=\"337\">Sort<\/p>\n<\/li>\n<li data-start=\"338\" data-end=\"346\">\n<p data-start=\"340\" data-end=\"346\">S\u00f8lv<\/p>\n<\/li>\n<li data-start=\"347\" data-end=\"355\">\n<p data-start=\"349\" data-end=\"355\">Hvit<\/p>\n<\/li>\n<\/ul>\n<h3 data-start=\"357\" data-end=\"381\"><strong data-start=\"361\" data-end=\"379\">Personlig preg<\/strong><\/h3>\n<p data-start=\"382\" data-end=\"501\">Pennen kan trykkes med <strong data-start=\"405\" data-end=\"422\">din firmalogo<\/strong>, og blir en enkel, men effektiv profilgave som setter bedriften din i fokus.<\/p>\n<p data-start=\"503\" data-end=\"573\" data-is-last-node=\"\" data-is-only-node=\"\"><strong data-start=\"503\" data-end=\"573\" data-is-last-node=\"\">Stilfull, brukervennlig og minneverdig \u2013 en penn som gir inntrykk.<\/strong><\/p>\n","protected":false},"featured_media":304,"comment_status":"open","ping_status":"closed","template":"","meta":[],"product_brand":[],"product_cat":[24,23],"product_tag":[],"class_list":{"0":"post-303","1":"product","2":"type-product","3":"status-publish","4":"has-post-thumbnail","6":"product_cat-reklamepenner","7":"product_cat-stroartikler","9":"first","10":"instock","11":"shipping-taxable","12":"product-type-simple"},"_links":{"self":[{"href":"https:\/\/gh-kontor.no\/index.php?rest_route=\/wp\/v2\/product\/303","targetHints":{"allow":["GET"]}}],"collection":[{"href":"https:\/\/gh-kontor.no\/index.php?rest_route=\/wp\/v2\/product"}],"about":[{"href":"https:\/\/gh-kontor.no\/index.php?rest_route=\/wp\/v2\/types\/product"}],"replies":[{"embeddable":true,"href":"https:\/\/gh-kontor.no\/index.php?rest_route=%2Fwp%2Fv2%2Fcomments&post=303"}],"wp:featuredmedia":[{"embeddable":true,"href":"https:\/\/gh-kontor.no\/index.php?rest_route=\/wp\/v2\/media\/304"}],"wp:attachment":[{"href":"https:\/\/gh-kontor.no\/index.php?rest_route=%2Fwp%2Fv2%2Fmedia&parent=303"}],"wp:term":[{"taxonomy":"product_brand","embeddable":true,"href":"https:\/\/gh-kontor.no\/index.php?rest_route=%2Fwp%2Fv2%2Fproduct_brand&post=303"},{"taxonomy":"product_cat","embeddable":true,"href":"https:\/\/gh-kontor.no\/index.php?rest_route=%2Fwp%2Fv2%2Fproduct_cat&post=303"},{"taxonomy":"product_tag","embeddable":true,"href":"https:\/\/gh-kontor.no\/index.php?rest_route=%2Fwp%2Fv2%2Fproduct_tag&post=303"}],"curies":[{"name":"wp","href":"https:\/\/api.w.org\/{rel}","templated":true}]}}