{"id":299,"date":"2025-11-15T09:55:32","date_gmt":"2025-11-15T09:55:32","guid":{"rendered":"https:\/\/gh-kontor.no\/?post_type=product&#038;p=299"},"modified":"2025-11-15T10:45:55","modified_gmt":"2025-11-15T10:45:55","slug":"scriptura-stylus-xp","status":"publish","type":"product","link":"https:\/\/gh-kontor.no\/?product=scriptura-stylus-xp","title":{"rendered":"Scriptura Stylus XL"},"content":{"rendered":"","protected":false},"excerpt":{"rendered":"<h2 data-start=\"90\" data-end=\"170\"><strong data-start=\"93\" data-end=\"170\">Stilig kvalitets-styluspenn \u2013 presisjon, eleganse og smart funksjonalitet<\/strong><\/h2>\n<p data-start=\"172\" data-end=\"460\">Oppdag v\u00e5r eksklusive styluspenn \u2013 designet for deg som \u00f8nsker et moderne skriveverkt\u00f8y som kombinerer stil, kvalitet og praktisk bruk. Pennen ligger perfekt i h\u00e5nden og gir en jevn og behagelig skriveopplevelse, enten du signerer dokumenter, noterer ideer eller navigerer p\u00e5 touchskjerm.<\/p>\n<h3 data-start=\"462\" data-end=\"490\"><strong data-start=\"466\" data-end=\"490\">To tidl\u00f8se fargevalg<\/strong><\/h3>\n<p data-start=\"491\" data-end=\"508\">Pennen leveres i:<\/p>\n<ul data-start=\"509\" data-end=\"554\">\n<li data-start=\"509\" data-end=\"527\">\n<p data-start=\"511\" data-end=\"527\"><strong data-start=\"511\" data-end=\"527\">Elegant sort<\/strong><\/p>\n<\/li>\n<li data-start=\"528\" data-end=\"554\">\n<p data-start=\"530\" data-end=\"554\"><strong data-start=\"530\" data-end=\"554\">Ren og klassisk hvit<\/strong><\/p>\n<\/li>\n<\/ul>\n<p data-start=\"556\" data-end=\"657\">Begge variantene har et minimalistisk uttrykk som passer b\u00e5de i profesjonelle milj\u00f8er og i hverdagen.<\/p>\n<h3 data-start=\"659\" data-end=\"698\"><strong data-start=\"663\" data-end=\"698\">Bl\u00e5tt blekk \u2013 med din firmalogo<\/strong><\/h3>\n<p data-start=\"699\" data-end=\"934\">\u00d8nsker du en personlig og profesjonell profil?<br data-start=\"745\" data-end=\"748\" \/>Pennen kan leveres med <strong data-start=\"771\" data-end=\"786\">bl\u00e5tt blekk<\/strong> og <strong data-start=\"790\" data-end=\"816\">trykk av din firmalogo<\/strong>, perfekt som gave til ansatte, kunder eller samarbeidspartnere. En kvalitetsgave som b\u00e5de ser bra ut \u2013 og blir brukt.<\/p>\n","protected":false},"featured_media":300,"comment_status":"open","ping_status":"closed","template":"","meta":[],"product_brand":[],"product_cat":[24,23],"product_tag":[],"class_list":{"0":"post-299","1":"product","2":"type-product","3":"status-publish","4":"has-post-thumbnail","6":"product_cat-reklamepenner","7":"product_cat-stroartikler","9":"first","10":"instock","11":"shipping-taxable","12":"product-type-simple"},"_links":{"self":[{"href":"https:\/\/gh-kontor.no\/index.php?rest_route=\/wp\/v2\/product\/299","targetHints":{"allow":["GET"]}}],"collection":[{"href":"https:\/\/gh-kontor.no\/index.php?rest_route=\/wp\/v2\/product"}],"about":[{"href":"https:\/\/gh-kontor.no\/index.php?rest_route=\/wp\/v2\/types\/product"}],"replies":[{"embeddable":true,"href":"https:\/\/gh-kontor.no\/index.php?rest_route=%2Fwp%2Fv2%2Fcomments&post=299"}],"wp:featuredmedia":[{"embeddable":true,"href":"https:\/\/gh-kontor.no\/index.php?rest_route=\/wp\/v2\/media\/300"}],"wp:attachment":[{"href":"https:\/\/gh-kontor.no\/index.php?rest_route=%2Fwp%2Fv2%2Fmedia&parent=299"}],"wp:term":[{"taxonomy":"product_brand","embeddable":true,"href":"https:\/\/gh-kontor.no\/index.php?rest_route=%2Fwp%2Fv2%2Fproduct_brand&post=299"},{"taxonomy":"product_cat","embeddable":true,"href":"https:\/\/gh-kontor.no\/index.php?rest_route=%2Fwp%2Fv2%2Fproduct_cat&post=299"},{"taxonomy":"product_tag","embeddable":true,"href":"https:\/\/gh-kontor.no\/index.php?rest_route=%2Fwp%2Fv2%2Fproduct_tag&post=299"}],"curies":[{"name":"wp","href":"https:\/\/api.w.org\/{rel}","templated":true}]}}