{"id":229,"date":"2025-10-11T07:47:17","date_gmt":"2025-10-11T07:47:17","guid":{"rendered":"https:\/\/gh.td-network.no\/?post_type=product&#038;p=229"},"modified":"2025-10-11T10:34:15","modified_gmt":"2025-10-11T10:34:15","slug":"geisha-salt-og-pepper-kvern","status":"publish","type":"product","link":"https:\/\/gh-kontor.no\/?product=geisha-salt-og-pepper-kvern","title":{"rendered":"Geisha Salt og pepper kvern"},"content":{"rendered":"","protected":false},"excerpt":{"rendered":"<p data-start=\"139\" data-end=\"201\"><strong data-start=\"139\" data-end=\"201\">Elegant design. Praktisk funksjon. En klassiker p\u00e5 bordet.<\/strong><\/p>\n<p data-start=\"203\" data-end=\"441\">Geisha salt- og pepperkvern er et stilrent tilskudd til kj\u00f8kkenet eller spisebordet. Med sitt minimalistiske design og m\u00f8rke finish passer den inn i b\u00e5de moderne og klassiske interi\u00f8rer \u2013 og tar seg like godt ut til hverdags som til fest.<\/p>\n<p data-start=\"443\" data-end=\"639\">Kvernene er 26 cm h\u00f8ye og dreiet av vakkert <strong data-start=\"487\" data-end=\"499\">cedertre<\/strong>, kjent for sin holdbarhet og naturlige gl\u00f8d. Den innebygde kvernen maler fine korn med presisjon, og gir deg full kontroll over krydringen.<\/p>\n<p data-start=\"641\" data-end=\"654\"><strong data-start=\"641\" data-end=\"654\">Detaljer:<\/strong><\/p>\n<ul data-start=\"655\" data-end=\"803\">\n<li data-start=\"655\" data-end=\"671\">\n<p data-start=\"657\" data-end=\"671\">H\u00f8yde: 26 cm<\/p>\n<\/li>\n<li data-start=\"672\" data-end=\"688\">\n<p data-start=\"674\" data-end=\"688\">Volum: 70 ml<\/p>\n<\/li>\n<li data-start=\"689\" data-end=\"712\">\n<p data-start=\"691\" data-end=\"712\">Materiale: Cedertre<\/p>\n<\/li>\n<li data-start=\"713\" data-end=\"766\">\n<p data-start=\"715\" data-end=\"766\">Enkel p\u00e5fylling \u2013 skru av metallknappen p\u00e5 toppen<\/p>\n<\/li>\n<li data-start=\"767\" data-end=\"803\">\n<p data-start=\"769\" data-end=\"803\">Leveres i en elegant sort gaveeske<\/p>\n<\/li>\n<li data-start=\"767\" data-end=\"803\">Kan leveres med firmalogo<\/li>\n<\/ul>\n","protected":false},"featured_media":217,"comment_status":"open","ping_status":"closed","template":"","meta":[],"product_brand":[],"product_cat":[19],"product_tag":[],"class_list":{"0":"post-229","1":"product","2":"type-product","3":"status-publish","4":"has-post-thumbnail","6":"product_cat-kjokken-og-hjem","8":"first","9":"instock","10":"shipping-taxable","11":"product-type-simple"},"_links":{"self":[{"href":"https:\/\/gh-kontor.no\/index.php?rest_route=\/wp\/v2\/product\/229","targetHints":{"allow":["GET"]}}],"collection":[{"href":"https:\/\/gh-kontor.no\/index.php?rest_route=\/wp\/v2\/product"}],"about":[{"href":"https:\/\/gh-kontor.no\/index.php?rest_route=\/wp\/v2\/types\/product"}],"replies":[{"embeddable":true,"href":"https:\/\/gh-kontor.no\/index.php?rest_route=%2Fwp%2Fv2%2Fcomments&post=229"}],"wp:featuredmedia":[{"embeddable":true,"href":"https:\/\/gh-kontor.no\/index.php?rest_route=\/wp\/v2\/media\/217"}],"wp:attachment":[{"href":"https:\/\/gh-kontor.no\/index.php?rest_route=%2Fwp%2Fv2%2Fmedia&parent=229"}],"wp:term":[{"taxonomy":"product_brand","embeddable":true,"href":"https:\/\/gh-kontor.no\/index.php?rest_route=%2Fwp%2Fv2%2Fproduct_brand&post=229"},{"taxonomy":"product_cat","embeddable":true,"href":"https:\/\/gh-kontor.no\/index.php?rest_route=%2Fwp%2Fv2%2Fproduct_cat&post=229"},{"taxonomy":"product_tag","embeddable":true,"href":"https:\/\/gh-kontor.no\/index.php?rest_route=%2Fwp%2Fv2%2Fproduct_tag&post=229"}],"curies":[{"name":"wp","href":"https:\/\/api.w.org\/{rel}","templated":true}]}}