{"id":192,"date":"2025-09-27T12:35:04","date_gmt":"2025-09-27T12:35:04","guid":{"rendered":"https:\/\/gh.td-network.no\/?post_type=product&#038;p=192"},"modified":"2025-10-17T03:48:05","modified_gmt":"2025-10-17T03:48:05","slug":"solbriller-poliserende-glass","status":"publish","type":"product","link":"https:\/\/gh-kontor.no\/?product=solbriller-poliserende-glass","title":{"rendered":""},"content":{"rendered":"","protected":false},"excerpt":{"rendered":"<h3 data-start=\"130\" data-end=\"178\"><strong data-start=\"134\" data-end=\"178\">Stilige solbriller med polariserte glass<\/strong><\/h3>\n<p data-start=\"180\" data-end=\"373\">Disse moderne solbrillene kombinerer stil og funksjonalitet med polariserte linser som reduserer blending og gir bedre synskomfort. Perfekte for b\u00e5de sommerdager og aktiviteter i sterkt sollys.<\/p>\n<p data-start=\"375\" data-end=\"707\">\ud83d\udd39 <strong data-start=\"378\" data-end=\"399\">Polariserte glass<\/strong> \u2013 reduserer gjenskinn og forbedrer kontrast<br data-start=\"443\" data-end=\"446\" \/>\ud83d\udd39 <strong data-start=\"449\" data-end=\"483\">Flere glassfarger tilgjengelig<\/strong> \u2013 R\u00f8d, Bl\u00e5, Gul, Smoke og Mirror<br data-start=\"516\" data-end=\"519\" \/>\ud83d\udd39 <strong data-start=\"522\" data-end=\"559\">Leveres i praktisk mikrofiberpose<\/strong> \u2013 beskytter brillene og fungerer utmerket som pusseskinn<br data-start=\"616\" data-end=\"619\" \/>\ud83d\udd39 <strong data-start=\"622\" data-end=\"637\">Profilering<\/strong> \u2013 din logo kan trykkes b\u00e5de p\u00e5 brillestengene og p\u00e5 oppbevaringsposen<\/p>\n","protected":false},"featured_media":206,"comment_status":"open","ping_status":"closed","template":"","meta":[],"product_brand":[],"product_cat":[20,23],"product_tag":[],"class_list":{"0":"post-192","1":"product","2":"type-product","3":"status-publish","4":"has-post-thumbnail","6":"product_cat-aktiviteter-og-fritid","7":"product_cat-stroartikler","9":"first","10":"instock","11":"shipping-taxable","12":"product-type-simple"},"_links":{"self":[{"href":"https:\/\/gh-kontor.no\/index.php?rest_route=\/wp\/v2\/product\/192","targetHints":{"allow":["GET"]}}],"collection":[{"href":"https:\/\/gh-kontor.no\/index.php?rest_route=\/wp\/v2\/product"}],"about":[{"href":"https:\/\/gh-kontor.no\/index.php?rest_route=\/wp\/v2\/types\/product"}],"replies":[{"embeddable":true,"href":"https:\/\/gh-kontor.no\/index.php?rest_route=%2Fwp%2Fv2%2Fcomments&post=192"}],"wp:featuredmedia":[{"embeddable":true,"href":"https:\/\/gh-kontor.no\/index.php?rest_route=\/wp\/v2\/media\/206"}],"wp:attachment":[{"href":"https:\/\/gh-kontor.no\/index.php?rest_route=%2Fwp%2Fv2%2Fmedia&parent=192"}],"wp:term":[{"taxonomy":"product_brand","embeddable":true,"href":"https:\/\/gh-kontor.no\/index.php?rest_route=%2Fwp%2Fv2%2Fproduct_brand&post=192"},{"taxonomy":"product_cat","embeddable":true,"href":"https:\/\/gh-kontor.no\/index.php?rest_route=%2Fwp%2Fv2%2Fproduct_cat&post=192"},{"taxonomy":"product_tag","embeddable":true,"href":"https:\/\/gh-kontor.no\/index.php?rest_route=%2Fwp%2Fv2%2Fproduct_tag&post=192"}],"curies":[{"name":"wp","href":"https:\/\/api.w.org\/{rel}","templated":true}]}}