{"id":183,"date":"2025-09-25T20:37:13","date_gmt":"2025-09-25T20:37:13","guid":{"rendered":"https:\/\/gh.td-network.no\/?post_type=product&#038;p=183"},"modified":"2025-09-25T20:39:35","modified_gmt":"2025-09-25T20:39:35","slug":"paraply","status":"publish","type":"product","link":"https:\/\/gh-kontor.no\/?product=paraply","title":{"rendered":"Stormparaply"},"content":{"rendered":"","protected":false},"excerpt":{"rendered":"<p>F\u00e5 suveren v\u00e6rbeskyttelse og str\u00e5lende merkevareeksponering med en klassisk paraply laget for t\u00f8ffe forhold. Denne paraplyen har det som trengs for \u00e5 gj\u00f8re en regnv\u00e6rsdag lettere \u00e5 takle. Den er stor nok til \u00e5 holde to personer t\u00f8rre p\u00e5 regnv\u00e6rsdager. Paraplyen er konstruert med to lag stoff, noe som gj\u00f8r at vinden kan passere gjennom ventilasjons\u00e5pninger og dermed beskytter mot vindskader. Ekstra robust ramme i glassfiber og elektrostatiskt belagt st\u00e5lskaft. St\u00f8rrelse: 68,6 cm (27&#8243;), 8 paneler. Finnes i fargene Svart, bl\u00e5, r\u00f8d, gul, hvit<\/p>\n","protected":false},"featured_media":184,"comment_status":"open","ping_status":"closed","template":"","meta":[],"product_brand":[],"product_cat":[20,23],"product_tag":[],"class_list":{"0":"post-183","1":"product","2":"type-product","3":"status-publish","4":"has-post-thumbnail","6":"product_cat-aktiviteter-og-fritid","7":"product_cat-stroartikler","9":"first","10":"instock","11":"shipping-taxable","12":"product-type-simple"},"_links":{"self":[{"href":"https:\/\/gh-kontor.no\/index.php?rest_route=\/wp\/v2\/product\/183","targetHints":{"allow":["GET"]}}],"collection":[{"href":"https:\/\/gh-kontor.no\/index.php?rest_route=\/wp\/v2\/product"}],"about":[{"href":"https:\/\/gh-kontor.no\/index.php?rest_route=\/wp\/v2\/types\/product"}],"replies":[{"embeddable":true,"href":"https:\/\/gh-kontor.no\/index.php?rest_route=%2Fwp%2Fv2%2Fcomments&post=183"}],"wp:featuredmedia":[{"embeddable":true,"href":"https:\/\/gh-kontor.no\/index.php?rest_route=\/wp\/v2\/media\/184"}],"wp:attachment":[{"href":"https:\/\/gh-kontor.no\/index.php?rest_route=%2Fwp%2Fv2%2Fmedia&parent=183"}],"wp:term":[{"taxonomy":"product_brand","embeddable":true,"href":"https:\/\/gh-kontor.no\/index.php?rest_route=%2Fwp%2Fv2%2Fproduct_brand&post=183"},{"taxonomy":"product_cat","embeddable":true,"href":"https:\/\/gh-kontor.no\/index.php?rest_route=%2Fwp%2Fv2%2Fproduct_cat&post=183"},{"taxonomy":"product_tag","embeddable":true,"href":"https:\/\/gh-kontor.no\/index.php?rest_route=%2Fwp%2Fv2%2Fproduct_tag&post=183"}],"curies":[{"name":"wp","href":"https:\/\/api.w.org\/{rel}","templated":true}]}}