{"id":171,"date":"2025-09-25T19:32:40","date_gmt":"2025-09-25T19:32:40","guid":{"rendered":"https:\/\/gh.td-network.no\/?post_type=product&#038;p=171"},"modified":"2025-09-25T19:32:51","modified_gmt":"2025-09-25T19:32:51","slug":"kniv-forkle-skjaerefjol","status":"publish","type":"product","link":"https:\/\/gh-kontor.no\/?product=kniv-forkle-skjaerefjol","title":{"rendered":"Kniv + Forkle + Skj\u00e6refj\u00f8l"},"content":{"rendered":"","protected":false},"excerpt":{"rendered":"<p>En fin gave til alle som liker seg p\u00e5 kj\u00f8kkenet.<\/p>\n<p>Klassisk og gedigent brett med flere bruksomr\u00e5der. Gir en god arbeidsflate, og er ogs\u00e5 utmerket som serveringsbrett for oster eller spekemat, eller som et fint blikkfang p\u00e5 kj\u00f8kkenet.<\/p>\n<p>Forkledet er heldekkende med snor til nakken og rundt midjen. Man kan brette det til hofteh\u00f8yde, som proffene gj\u00f8r. T\u00e5ler r\u00f8ff bruk.<\/p>\n<p>Vi legger med ett Geisha Nonstick knivsett, og selger dette som ett sett til kun kr. 599,- eks.mva.<\/p>\n<p>&nbsp;<\/p>\n","protected":false},"featured_media":175,"comment_status":"open","ping_status":"closed","template":"","meta":[],"product_brand":[],"product_cat":[19],"product_tag":[],"class_list":{"0":"post-171","1":"product","2":"type-product","3":"status-publish","4":"has-post-thumbnail","6":"product_cat-kjokken-og-hjem","8":"first","9":"instock","10":"shipping-taxable","11":"product-type-simple"},"_links":{"self":[{"href":"https:\/\/gh-kontor.no\/index.php?rest_route=\/wp\/v2\/product\/171","targetHints":{"allow":["GET"]}}],"collection":[{"href":"https:\/\/gh-kontor.no\/index.php?rest_route=\/wp\/v2\/product"}],"about":[{"href":"https:\/\/gh-kontor.no\/index.php?rest_route=\/wp\/v2\/types\/product"}],"replies":[{"embeddable":true,"href":"https:\/\/gh-kontor.no\/index.php?rest_route=%2Fwp%2Fv2%2Fcomments&post=171"}],"wp:featuredmedia":[{"embeddable":true,"href":"https:\/\/gh-kontor.no\/index.php?rest_route=\/wp\/v2\/media\/175"}],"wp:attachment":[{"href":"https:\/\/gh-kontor.no\/index.php?rest_route=%2Fwp%2Fv2%2Fmedia&parent=171"}],"wp:term":[{"taxonomy":"product_brand","embeddable":true,"href":"https:\/\/gh-kontor.no\/index.php?rest_route=%2Fwp%2Fv2%2Fproduct_brand&post=171"},{"taxonomy":"product_cat","embeddable":true,"href":"https:\/\/gh-kontor.no\/index.php?rest_route=%2Fwp%2Fv2%2Fproduct_cat&post=171"},{"taxonomy":"product_tag","embeddable":true,"href":"https:\/\/gh-kontor.no\/index.php?rest_route=%2Fwp%2Fv2%2Fproduct_tag&post=171"}],"curies":[{"name":"wp","href":"https:\/\/api.w.org\/{rel}","templated":true}]}}