{"id":169,"date":"2025-09-25T19:21:31","date_gmt":"2025-09-25T19:21:31","guid":{"rendered":"https:\/\/gh.td-network.no\/?post_type=product&#038;p=169"},"modified":"2025-09-25T19:21:46","modified_gmt":"2025-09-25T19:21:46","slug":"forkle","status":"publish","type":"product","link":"https:\/\/gh-kontor.no\/?product=forkle","title":{"rendered":"Forkle"},"content":{"rendered":"","protected":false},"excerpt":{"rendered":"<p>Finnes i fargene burgunder, beige, svart, bl\u00e5 og gr\u00e5 Forkledet er heldekkende med snor til nakken og rundt midjen. Man kan brette det til hofteh\u00f8yde, som proffene gj\u00f8r. T\u00e5ler r\u00f8ff bruk. Kan leveres med din firmalogo.<\/p>\n","protected":false},"featured_media":170,"comment_status":"open","ping_status":"closed","template":"","meta":[],"product_brand":[],"product_cat":[19],"product_tag":[],"class_list":{"0":"post-169","1":"product","2":"type-product","3":"status-publish","4":"has-post-thumbnail","6":"product_cat-kjokken-og-hjem","8":"first","9":"instock","10":"shipping-taxable","11":"product-type-simple"},"_links":{"self":[{"href":"https:\/\/gh-kontor.no\/index.php?rest_route=\/wp\/v2\/product\/169","targetHints":{"allow":["GET"]}}],"collection":[{"href":"https:\/\/gh-kontor.no\/index.php?rest_route=\/wp\/v2\/product"}],"about":[{"href":"https:\/\/gh-kontor.no\/index.php?rest_route=\/wp\/v2\/types\/product"}],"replies":[{"embeddable":true,"href":"https:\/\/gh-kontor.no\/index.php?rest_route=%2Fwp%2Fv2%2Fcomments&post=169"}],"wp:featuredmedia":[{"embeddable":true,"href":"https:\/\/gh-kontor.no\/index.php?rest_route=\/wp\/v2\/media\/170"}],"wp:attachment":[{"href":"https:\/\/gh-kontor.no\/index.php?rest_route=%2Fwp%2Fv2%2Fmedia&parent=169"}],"wp:term":[{"taxonomy":"product_brand","embeddable":true,"href":"https:\/\/gh-kontor.no\/index.php?rest_route=%2Fwp%2Fv2%2Fproduct_brand&post=169"},{"taxonomy":"product_cat","embeddable":true,"href":"https:\/\/gh-kontor.no\/index.php?rest_route=%2Fwp%2Fv2%2Fproduct_cat&post=169"},{"taxonomy":"product_tag","embeddable":true,"href":"https:\/\/gh-kontor.no\/index.php?rest_route=%2Fwp%2Fv2%2Fproduct_tag&post=169"}],"curies":[{"name":"wp","href":"https:\/\/api.w.org\/{rel}","templated":true}]}}